{"id":4587,"date":"2018-10-14T19:38:32","date_gmt":"2018-10-14T18:38:32","guid":{"rendered":"http:\/\/caftanger.aqarial.org\/?page_id=4587"},"modified":"2022-01-03T22:08:36","modified_gmt":"2022-01-03T22:08:36","slug":"creer-un-nouveau-mot-de-passe","status":"publish","type":"page","link":"https:\/\/caftanger.aqarial.org\/?page_id=4587","title":{"rendered":"Cr\u00e9er un nouveau mot de passe"},"content":{"rendered":"<p style=\"text-align: center;\"><span style=\"color: #0000ff; font-size: 14pt;\">Comment cr\u00e9er un nouveau mot de passe<\/span><\/p>\n<p>Soit vous \u00eates un nouveau adh\u00e9rent soit vous \u00eates un ancien et vous avez oubli\u00e9 votre mot de passe, la d\u00e9marche \u00e0 suivre est la m\u00eame :<br \/>\n1- <a href=\"http:\/\/caftanger.aqarial.org\/wp-login.php?action=lostpassword&amp;redirect_to=http%3A%2F%2Fcaftanger.aqarial.org?sli=lost\" target=\"_blank\" rel=\"noopener\">Cliquez ici <\/a> ou bien sur le lien \u00ab\u00a0mot de passe oubli\u00e9\u00a0\u00bb Qui se trouve dans le formulaire de login en bas de chaque page.<br \/>\n2- Dans la page qui s\u2019ouvre saisissez votre <a style=\"color:#FF0000;\" title=\"votre identifiant est la partie de votre adresse e-mail juste avant l\u2019arrobas.\">identifiant* <\/a> ou bien votre adresse e-mail que vous avez fournie lors de votre inscription au CAF.<br \/>\n3- Si votre adresse se trouve dans notre base de donn\u00e9e, vous recevrai imm\u00e9diatement un e-mail sur cette adresse avec un lien vers la page ou vous pouvez cr\u00e9er \/ changer votre mot de passe.<br \/>\n4- Cliquez sur le lien dans le message que vous avez re\u00e7u. Une page s\u2019ouvre avec une boite ou vous pouvez saisir votre identifiant et cr\u00e9er un nouveau mot de passe.<\/p>\n<p><span style=\"color: #FF0000;\">* N.B. votre identifiant est la partie de votre adresse e-mail juste avant l\u2019arrobas. Exemple :<br \/>\nmon-nom@gmail.com<br \/>\nL\u2019identifiant est \u00ab\u00a0mon-nom\u00a0\u00bb<\/span><\/p>\n","protected":false},"excerpt":{"rendered":"<p>Comment cr\u00e9er un nouveau mot de passe Soit vous \u00eates un nouveau adh\u00e9rent soit vous \u00eates un ancien et vous avez oubli\u00e9 votre mot de passe, la d\u00e9marche \u00e0 suivre est la m\u00eame : 1- Cliquez ici ou bien sur le lien \u00ab\u00a0mot de passe oubli\u00e9\u00a0\u00bb Qui se trouve dans\u2026 <a class=\"continue-reading-link\" href=\"https:\/\/caftanger.aqarial.org\/?page_id=4587\">Lire la suite<\/a><\/p>\n","protected":false},"author":66,"featured_media":0,"parent":0,"menu_order":0,"comment_status":"closed","ping_status":"closed","template":"","meta":{"_bbp_topic_count":0,"_bbp_reply_count":0,"_bbp_total_topic_count":0,"_bbp_total_reply_count":0,"_bbp_voice_count":0,"_bbp_anonymous_reply_count":0,"_bbp_topic_count_hidden":0,"_bbp_reply_count_hidden":0,"_bbp_forum_subforum_count":0,"footnotes":""},"class_list":["post-4587","page","type-page","status-publish","hentry"],"_links":{"self":[{"href":"https:\/\/caftanger.aqarial.org\/index.php?rest_route=\/wp\/v2\/pages\/4587","targetHints":{"allow":["GET"]}}],"collection":[{"href":"https:\/\/caftanger.aqarial.org\/index.php?rest_route=\/wp\/v2\/pages"}],"about":[{"href":"https:\/\/caftanger.aqarial.org\/index.php?rest_route=\/wp\/v2\/types\/page"}],"author":[{"embeddable":true,"href":"https:\/\/caftanger.aqarial.org\/index.php?rest_route=\/wp\/v2\/users\/66"}],"replies":[{"embeddable":true,"href":"https:\/\/caftanger.aqarial.org\/index.php?rest_route=%2Fwp%2Fv2%2Fcomments&post=4587"}],"version-history":[{"count":14,"href":"https:\/\/caftanger.aqarial.org\/index.php?rest_route=\/wp\/v2\/pages\/4587\/revisions"}],"predecessor-version":[{"id":5495,"href":"https:\/\/caftanger.aqarial.org\/index.php?rest_route=\/wp\/v2\/pages\/4587\/revisions\/5495"}],"wp:attachment":[{"href":"https:\/\/caftanger.aqarial.org\/index.php?rest_route=%2Fwp%2Fv2%2Fmedia&parent=4587"}],"curies":[{"name":"wp","href":"https:\/\/api.w.org\/{rel}","templated":true}]}}