{"id":33,"date":"2014-09-19T21:53:42","date_gmt":"2014-09-19T21:53:42","guid":{"rendered":"http:\/\/caftanger.aqarial.net\/?page_id=33"},"modified":"2026-02-02T17:31:27","modified_gmt":"2026-02-02T16:31:27","slug":"a-propos-de-nous","status":"publish","type":"page","link":"https:\/\/caftanger.aqarial.org\/?page_id=33","title":{"rendered":"\u00c0 propos de nous"},"content":{"rendered":"<p><a name=\"about1\"><\/a><\/p>\n<p align=\"center\"><strong><span style=\"color: #008000; font-size: large;\">LA SECTION DE TANGER DU CLUB ALPIN RABAT<\/span><\/strong><\/p>\n<p align=\"center\"><img loading=\"lazy\" decoding=\"async\" class=\"alignnone size-full wp-image-3044\" src=\"https:\/\/caftanger.aqarial.org\/images\/caf-tanger.jpg\" alt=\"logo_caftanger\" width=\"200\" height=\"137\"\/><\/p>\n<p>&nbsp;Les adh\u00e9rents du Club alpin, Section de Tanger pratiquent la randonn\u00e9e principalement dans les r\u00e9gions de Tanger, T\u00e9touan et Chaouen, et de temps \u00e0 autre dans d&rsquo;autres r\u00e9gions du Maroc. Ponctuellement, la Section propose des sorties \u00ab kayak \u00bb.<\/p>\n<p>Les programmes de la Section \u00e9tablis par trimestre sont consultables sur <a href=\"https:\/\/caftanger.aqarial.org\/?page_id=1895\" target=\"_blank\" rel=\"noopener noreferrer\">l&rsquo;agenda du site de la Section<\/a> toutefois chaque semaine une invitation est adress\u00e9e \u00e0 chaque membre annon\u00e7ant et d\u00e9crivant la sortie du dimanche qui suit.<\/p>\n<p>Chaque \u00ab\u00a0nouvelle ou nouveau venu\u00a0\u00bb peut participer \u00e0 deux sorties dites de \u00ab\u00a0d\u00e9couverte\u00a0\u00bb sans adh\u00e9sion, en tant qu&rsquo;invit\u00e9(e). Il lui est simplement demand\u00e9 de signer une d\u00e9charge de responsabilit\u00e9 au moment du d\u00e9part et de verser 30 Dh dans la caisse de la Section.<\/p>\n<p>Les randonn\u00e9es ont lieu chaque dimanche, sauf en cas de tr\u00e8s mauvais temps ou terrain impraticable. Quand nous pouvons b\u00e9n\u00e9ficier de trois jours cons\u00e9cutifs, elles sont pratiqu\u00e9es dans un site plus \u00e9loign\u00e9. Environ chaque mois, nous partons deux jours dans le Rif ou le Moyen Atlas.<\/p>\n<p>Le groupe des participants est mixte, hommes, femmes, marocains, fran\u00e7ais, espagnols et composite, jeunes gens ou filles notamment sous contrat (Renault, entreprises de la zone franche), lyc\u00e9ens, ing\u00e9nieurs, volontaires internationaux ou moins jeunes (cadres, enseignants, m\u00e9decins, etc.).<\/p>\n<p>En moyenne, le groupe comprend une douzaine de personnes lors des sorties, mais il peut en comporter de 5 \u00e0 30 selon le temps, la p\u00e9riode, le site parcouru.<\/p>\n<p>Les activit\u00e9s de fin de semaine sont comprises dans la cotisation annuelle qui inclut l&rsquo;assurance et permet de pratiquer les multiples activit\u00e9s des clubs Caf du Maroc et de France. Des adh\u00e9sions \u00e0 la journ\u00e9e (+\/-80Dh) sont possibles; mais elles doivent \u00eatre trait\u00e9es avant une sortie et elles demeurent exceptionnelles.<\/p>\n<p>Il arrive parfois que l&rsquo;on ait recours \u00e0 un accompagnateur local (ou un gardien de voitures). Dans ce cas, les frais sont partag\u00e9s entre participants. Ils sont r\u00e9gl\u00e9s par chacun s\u2019agissant des nuits dans un g\u00eete, des d\u00e9jeuners au restaurant.<\/p>\n<p>Il n&rsquo;y a pas d&rsquo;obligation d&rsquo;avoir un v\u00e9hicule; nous pratiquons le covoiturage gratuit bas\u00e9 sur le volontariat sauf pour les longs trajets o\u00f9 une participation des passagers est recommand\u00e9e.<\/p>\n<p>Il r\u00e8gne dans ce groupe une ambiance amicale et sereine et nous veillons \u00e0 r\u00e9pondre aux aspirations et capacit\u00e9s physiques du plus grand nombre en \u00e9tant attentifs \u00e0 la s\u00e9curit\u00e9, \u00e0 la population et son environnement et en variant les sorties selon les difficult\u00e9s, les distances, le cadre, leur int\u00e9r\u00eat au plan culturel (voir notre charte <a href=\"https:\/\/caftanger.aqarial.org\/?page_id=187\">&ldquo;Je randonne avec le Caf&rdquo;<\/a>).<\/p>\n<p style=\"text-align: left; color: #000000;\"> Pour savoir comment adh\u00e9rer au CAF, veuillez consulter <a href=\"https:\/\/caftanger.aqarial.org\/?page_id=5679\"  rel=\"noopener noreferrer\">la page d&rsquo;adh\u00e9sion.<\/a><\/p>\n<p><!-- +++++++++++++++++++++++++++++++++++++++++++++++++++++++++++++++++++ --><\/p>\n<hr \/>\n<p><a name=\"about2\"><\/a><\/p>\n<p style=\"text-align: center;color: #008000;\"><strong>Le comit\u00e9 de la section de Tanger du CAF Rabat<\/strong><\/p>\n<br \/>\n<\/p>\n<div style='border: 1px solid red; background-color: #ffffff; margin: auto; width: 80%;'>\n<div style='text-align:center;float: left; width: 10%; margin-left: 0px; margin-right: auto; margin-top: 10px; padding-left: 05px; background-color: #ffffff;'>\n<img src='https:\/\/caftanger.aqarial.org\/images\/lock.png' width='70%' \/>\n<\/div>\n<div style='margin: auto; padding-top: 10px; width: 100%, padding-left:10px,;'>\n<p style='text-align:center;font-size: 14px;color: #ff0000;'><strong>Ce contenu est r\u00e9serv\u00e9 aux membres inscrits.<br \/>Connectez-vous pour le voir<\/strong><\/p>\n<\/div>\n<\/div>\n<div style='clear: both;'><\/div>\n<p>\n<br \/>\n<!-- +++++++++++++++++++++++++++++++++++++++++++++++++++++++++++++++++++ --><\/p>\n<hr \/>\n<p><a name=\"about3\"><\/a><\/p>\n<p align=\"center\"><strong><span style=\"color: #008000; font-size: large;\">LE CLUB ALPIN RABAT<\/span><\/strong><\/p>\n<p align=\"center\"><img loading=\"lazy\" decoding=\"async\" class=\"alignnone size-full wp-image-4578\" src=\"https:\/\/caftanger.aqarial.org\/images\/caf-rabat.jpg\" alt=\"logo_rabat\" width=\"200\" height=\"137\"\/><\/p>\n<p>L&rsquo;association dite <a href=\"https:\/\/clubalpinrabat.ma\" target=\"_blank\" rel=\"noopener noreferrer\"> &ldquo;Club Alpin Rabat (CAF Rabat)&rdquo; <\/a>,affili\u00e9 depuis 1949, \u00e0 la <a href=\"https:\/\/www.ffcam.fr\" target=\"_blank\" rel=\"noopener noreferrer\">F\u00e9d\u00e9ration fran\u00e7aise des Clubs Alpins et de Montagne (FFCAM)<\/a> est une association \u00e0 but non lucratif conform\u00e9ment au Dahir Ch\u00e9rifien   n\u00b0 1- 58-376 paru le 15 Novembre 1958 tel qu\u2019il a \u00e9t\u00e9 modifi\u00e9 et compl\u00e9t\u00e9 par le dahir portant loi N\u00b01.73.283 du 10 avril 1973.<br \/>\nCette Association a  pour objet de favoriser :<br \/>\n-le regroupement des  amis de la nature en g\u00e9n\u00e9ral et notamment de la montagne et du d\u00e9sert,<br \/>\n-la promotion  de toutes les activit\u00e9s de  loisirs  li\u00e9s \u00e0 la montagne<br \/>\n-le d\u00e9veloppement du tourisme rural durable de montagne au Maroc dans le respect de la protection de l\u2019environnement<br \/>\n-la contribution \u00e0 des \u00e9tudes et recherches se rapportant la sauvegarde des sites naturels, dont  les massifs Montagneux.<br \/>\n<a href=\"https:\/\/www.facebook.com\/CAF-de-Rabat-179268408943128\/\" target=\"_blank\" rel=\"noopener noreferrer\">Voir la page Facebook du Caf Rabat<\/a><br \/>\n<!-- +++++++++++++++++++++++++++++++++++++++++++++++++++++++++++++++++++ --><\/p>\n<hr \/>\n<p><a name=\"about4\"><\/a><\/p>\n<p align=\"center\"><strong><span style=\"color: #008000; font-size: large;\">LE CLUB ALPIN CASA<\/span><\/strong><\/p>\n<p align=\"center\"><img loading=\"lazy\" decoding=\"async\" class=\"alignnone size-full wp-image-4578\" src=\"https:\/\/caftanger.aqarial.org\/images\/caf-casa.jpg\" alt=\"logo_casa\" width=\"200\" height=\"137\"\/><\/p>\n<p>Le <a href=\"https:\/\/cafmaroc.ffcam.fr\/\">Club Alpin Francais de Casablanca<\/a>, cr\u00e9e en 1946, est une association \u00e0 but non lucratif, r\u00e9gie par le Dahir du 15 novembre 1958 et d\u00e9clar\u00e9e d&rsquo;utilit\u00e9 publique. Il est affili\u00e9e \u00e0 la <a href=\"https:\/\/www.ffcam.fr\" target=\"_blank\" rel=\"noopener noreferrer\">F\u00e9d\u00e9ration fran\u00e7aise des Clubs Alpins et de Montagne (FFCAM)<\/a>. Le Club Alpin Francais de Casablanca propose a ses adh\u00e9rents plusieurs activit\u00e9s sportives et de plein-air.<br \/>\n<!-- +++++++++++++++++++++++++++++++++++++++++++++++++++++++++++++++++++ --><\/p>\n","protected":false},"excerpt":{"rendered":"<p>LA SECTION DE TANGER DU CLUB ALPIN RABAT &nbsp;Les adh\u00e9rents du Club alpin, Section de Tanger pratiquent la randonn\u00e9e principalement dans les r\u00e9gions de Tanger, T\u00e9touan et Chaouen, et de temps \u00e0 autre dans d&rsquo;autres r\u00e9gions du Maroc. Ponctuellement, la Section propose des sorties \u00ab kayak \u00bb. Les programmes de\u2026 <a class=\"continue-reading-link\" href=\"https:\/\/caftanger.aqarial.org\/?page_id=33\">Lire la suite<\/a><\/p>\n","protected":false},"author":66,"featured_media":0,"parent":0,"menu_order":0,"comment_status":"closed","ping_status":"open","template":"","meta":{"_bbp_topic_count":0,"_bbp_reply_count":0,"_bbp_total_topic_count":0,"_bbp_total_reply_count":0,"_bbp_voice_count":0,"_bbp_anonymous_reply_count":0,"_bbp_topic_count_hidden":0,"_bbp_reply_count_hidden":0,"_bbp_forum_subforum_count":0,"footnotes":""},"class_list":["post-33","page","type-page","status-publish","hentry"],"_links":{"self":[{"href":"https:\/\/caftanger.aqarial.org\/index.php?rest_route=\/wp\/v2\/pages\/33","targetHints":{"allow":["GET"]}}],"collection":[{"href":"https:\/\/caftanger.aqarial.org\/index.php?rest_route=\/wp\/v2\/pages"}],"about":[{"href":"https:\/\/caftanger.aqarial.org\/index.php?rest_route=\/wp\/v2\/types\/page"}],"author":[{"embeddable":true,"href":"https:\/\/caftanger.aqarial.org\/index.php?rest_route=\/wp\/v2\/users\/66"}],"replies":[{"embeddable":true,"href":"https:\/\/caftanger.aqarial.org\/index.php?rest_route=%2Fwp%2Fv2%2Fcomments&post=33"}],"version-history":[{"count":84,"href":"https:\/\/caftanger.aqarial.org\/index.php?rest_route=\/wp\/v2\/pages\/33\/revisions"}],"predecessor-version":[{"id":7777,"href":"https:\/\/caftanger.aqarial.org\/index.php?rest_route=\/wp\/v2\/pages\/33\/revisions\/7777"}],"wp:attachment":[{"href":"https:\/\/caftanger.aqarial.org\/index.php?rest_route=%2Fwp%2Fv2%2Fmedia&parent=33"}],"curies":[{"name":"wp","href":"https:\/\/api.w.org\/{rel}","templated":true}]}}