{"id":3245,"date":"2016-02-08T00:25:03","date_gmt":"2016-02-08T00:25:03","guid":{"rendered":"http:\/\/caftanger.aqarial.org\/?page_id=3245"},"modified":"2016-09-22T00:19:11","modified_gmt":"2016-09-21T23:19:11","slug":"weather","status":"publish","type":"page","link":"https:\/\/caftanger.aqarial.org\/?page_id=3245","title":{"rendered":"M\u00e9t\u00e9o T\u00e9touan"},"content":{"rendered":"<div style=\"background-color: #F3F3F3; width: 95%; border: 4px solid #C0C0C0; padding: 10px; border-radius: 25px; border-style: ridge;\">\n<div id=\"wpc-weather-id-3244\" class=\"wpc-weather-id\" data-id=\"3244\" data-post-id=\"3245\" data-map=\"yes\" data-detect-geolocation=\"\" data-manual-geolocation=\"\" data-wpc-lat=\"\" data-wpc-lon=\"\" data-wpc-city-id=\"\" data-wpc-city-name=\"\" data-custom-font=\"\"><\/div>\n<\/div>\n<div class=\"arconix-box arconix-box-lred\"><i class='fa fa-2x pull-left fafa-exclamation-circlefa-2x'><\/i><div class=\"arconix-box-content\">\n<p style=\"font-size: 13px\">Attendez quelques secondes pour que la carte s&rsquo;affiche convenablement.<\/p>\n<\/div><\/div>\n","protected":false},"excerpt":{"rendered":"<p> <a class=\"continue-reading-link\" href=\"https:\/\/caftanger.aqarial.org\/?page_id=3245\">Lire la suite<\/a><\/p>\n","protected":false},"author":66,"featured_media":0,"parent":0,"menu_order":0,"comment_status":"closed","ping_status":"closed","template":"","meta":{"_bbp_topic_count":0,"_bbp_reply_count":0,"_bbp_total_topic_count":0,"_bbp_total_reply_count":0,"_bbp_voice_count":0,"_bbp_anonymous_reply_count":0,"_bbp_topic_count_hidden":0,"_bbp_reply_count_hidden":0,"_bbp_forum_subforum_count":0,"footnotes":""},"class_list":["post-3245","page","type-page","status-publish","hentry"],"_links":{"self":[{"href":"https:\/\/caftanger.aqarial.org\/index.php?rest_route=\/wp\/v2\/pages\/3245","targetHints":{"allow":["GET"]}}],"collection":[{"href":"https:\/\/caftanger.aqarial.org\/index.php?rest_route=\/wp\/v2\/pages"}],"about":[{"href":"https:\/\/caftanger.aqarial.org\/index.php?rest_route=\/wp\/v2\/types\/page"}],"author":[{"embeddable":true,"href":"https:\/\/caftanger.aqarial.org\/index.php?rest_route=\/wp\/v2\/users\/66"}],"replies":[{"embeddable":true,"href":"https:\/\/caftanger.aqarial.org\/index.php?rest_route=%2Fwp%2Fv2%2Fcomments&post=3245"}],"version-history":[{"count":6,"href":"https:\/\/caftanger.aqarial.org\/index.php?rest_route=\/wp\/v2\/pages\/3245\/revisions"}],"predecessor-version":[{"id":3676,"href":"https:\/\/caftanger.aqarial.org\/index.php?rest_route=\/wp\/v2\/pages\/3245\/revisions\/3676"}],"wp:attachment":[{"href":"https:\/\/caftanger.aqarial.org\/index.php?rest_route=%2Fwp%2Fv2%2Fmedia&parent=3245"}],"curies":[{"name":"wp","href":"https:\/\/api.w.org\/{rel}","templated":true}]}}