{"id":323,"date":"2014-09-23T00:25:53","date_gmt":"2014-09-22T23:25:53","guid":{"rendered":"http:\/\/caftanger.aqarial.net\/?page_id=323"},"modified":"2026-02-04T19:52:42","modified_gmt":"2026-02-04T18:52:42","slug":"connection","status":"publish","type":"page","link":"https:\/\/caftanger.aqarial.org\/?page_id=323","title":{"rendered":"Connection"},"content":{"rendered":"<p style=\"text-align: center;\"><strong><span style=\"color: #ff0000; font-size: 14pt;\">Vous n\u2019\u00eates pas connect\u00e9 !<\/span><\/strong><\/p>\n<div style='border: 0; background-color: #ffffff; margin: auto; width: 100%;'>\n<div style=\"text-align:center;float: left; width: 11%; margin-left: 0px; margin-right: auto; margin-top: 10px; padding-top: 6px; padding-right: 6px;background-color: #ffffff;\">\n<img src='https:\/\/caftanger.aqarial.org\/images\/lock.png' width='37px' \/>\n<\/div>\n<div style=\"padding-top: 10px; width: 89%;\">\n<span style=\"font-family: arial,helvetica,sans-serif;\">Le contenu que vous essayez de visualiser est r\u00e9serv\u00e9 aux membres inscrits. Connectez-vous en saisissant votre nom d\u2019utilisateur et votre mot de passe dans le formulaire de login en bas de la page pour y avoir acc\u00e8s.<\/span>\n<\/div>\n<div style='clear: both;'><\/div>\n<\/div>\n<hr \/>\n<p>Si vous \u00eates un nouveau adh\u00e9rent de notre Section, vous \u00eates d\u00e9j\u00e0 inscrit sur la liste d\u2019acc\u00e8s au site. <a href=\"https:\/\/caftanger.aqarial.org\/?page_id=4587\"><u>Cliquez ici<\/u><\/a> pour savoir comment cr\u00e9er votre mot de passe pour acc\u00e9der \u00e0 la partie du site qui vous est r\u00e9serv\u00e9e.<\/p>\n","protected":false},"excerpt":{"rendered":"<p>Vous n\u2019\u00eates pas connect\u00e9 ! Le contenu que vous essayez de visualiser est r\u00e9serv\u00e9 aux membres inscrits. Connectez-vous en saisissant votre nom d\u2019utilisateur et votre mot de passe dans le formulaire de login en bas de la page pour y avoir acc\u00e8s. Si vous \u00eates un nouveau adh\u00e9rent de notre\u2026 <a class=\"continue-reading-link\" href=\"https:\/\/caftanger.aqarial.org\/?page_id=323\">Lire la suite<\/a><\/p>\n","protected":false},"author":66,"featured_media":0,"parent":0,"menu_order":0,"comment_status":"closed","ping_status":"closed","template":"","meta":{"_bbp_topic_count":0,"_bbp_reply_count":0,"_bbp_total_topic_count":0,"_bbp_total_reply_count":0,"_bbp_voice_count":0,"_bbp_anonymous_reply_count":0,"_bbp_topic_count_hidden":0,"_bbp_reply_count_hidden":0,"_bbp_forum_subforum_count":0,"footnotes":""},"class_list":["post-323","page","type-page","status-publish","hentry"],"_links":{"self":[{"href":"https:\/\/caftanger.aqarial.org\/index.php?rest_route=\/wp\/v2\/pages\/323","targetHints":{"allow":["GET"]}}],"collection":[{"href":"https:\/\/caftanger.aqarial.org\/index.php?rest_route=\/wp\/v2\/pages"}],"about":[{"href":"https:\/\/caftanger.aqarial.org\/index.php?rest_route=\/wp\/v2\/types\/page"}],"author":[{"embeddable":true,"href":"https:\/\/caftanger.aqarial.org\/index.php?rest_route=\/wp\/v2\/users\/66"}],"replies":[{"embeddable":true,"href":"https:\/\/caftanger.aqarial.org\/index.php?rest_route=%2Fwp%2Fv2%2Fcomments&post=323"}],"version-history":[{"count":17,"href":"https:\/\/caftanger.aqarial.org\/index.php?rest_route=\/wp\/v2\/pages\/323\/revisions"}],"predecessor-version":[{"id":7826,"href":"https:\/\/caftanger.aqarial.org\/index.php?rest_route=\/wp\/v2\/pages\/323\/revisions\/7826"}],"wp:attachment":[{"href":"https:\/\/caftanger.aqarial.org\/index.php?rest_route=%2Fwp%2Fv2%2Fmedia&parent=323"}],"curies":[{"name":"wp","href":"https:\/\/api.w.org\/{rel}","templated":true}]}}