{"id":1193,"date":"2015-03-26T16:13:35","date_gmt":"2015-03-26T16:13:35","guid":{"rendered":"http:\/\/caftanger.aqarial.net\/?page_id=1193"},"modified":"2022-10-18T12:54:17","modified_gmt":"2022-10-18T11:54:17","slug":"section-de-tanger","status":"publish","type":"page","link":"https:\/\/caftanger.aqarial.org\/?page_id=1193","title":{"rendered":"La Section de Tanger"},"content":{"rendered":"<p style=\"text-align: center;\" align=\"center\"><span style=\"color: #008000;\"><strong>INFORMATIONS RELATIVES \u00c0 LA SECTION DE TANGER DU CLUB ALPIN FRAN\u00c7AIS DE RABAT<\/strong><\/span><\/p>\n<p style=\"text-align: center;\" align=\"center\"><img loading=\"lazy\" decoding=\"async\" class=\"  wp-image-139 aligncenter\" src=\"https:\/\/caftanger.aqarial.org\/images\/caf-logo.png\" alt=\"caf-logo\" width=\"215\" height=\"140\"><\/p>\n<p>&nbsp;Les adh\u00e9rents du Club alpin fran\u00e7ais, section de Tanger pratiquent dans la r\u00e9gion la randonn\u00e9e et l\u2019escalade (mur au Lyc\u00e9e Regnault et parois en plein air) ; les autres activit\u00e9s du Caf leur sont propos\u00e9es par les clubs de Rabat, Casablanca ou Agadir auxquelles ils ont acc\u00e8s (VTT, kayak, escalade, ski, raquettes, canyonisme, etc.). Ponctuellement, la section propose des sorties \u00ab kayak \u00bb.<\/p>\n<p>Les programmes de la Section \u00e9tablis par trimestre sont consultables sur le site de la Section http:\/\/sites.com\/site\/caftanger\/ toutefois chaque semaine une invitation est adress\u00e9e \u00e0 chaque membre annon\u00e7ant et d\u00e9crivant la sortie du dimanche qui suit pour la randonn\u00e9e, du samedi pour l\u2019escalade.<\/p>\n<p>Chaque \u00ab&nbsp;nouvelle ou nouveau venu&nbsp;\u00bb peut participer \u00e0 deux sorties d\u00eetes de \u00ab&nbsp;d\u00e9couverte&nbsp;\u00bb sans adh\u00e9sion (voir tarifs et imprim\u00e9 de demande), donc, en tant qu\u2019invit\u00e9 (e); il lui est simplement demand\u00e9 de signer une d\u00e9charge de responsabilit\u00e9 au moment du d\u00e9part et de verser 20 Dh dans la caisse de la Section.<\/p>\n<p>Les randonn\u00e9es ont lieu chaque dimanche, sauf en cas de tr\u00e8s mauvais temps ou terrain impraticable. Quand nous pouvons b\u00e9n\u00e9ficier de trois jours cons\u00e9cutifs, elles sont pratiqu\u00e9es dans un site plus \u00e9loign\u00e9. Environ chaque mois, nous partons deux jours dans le Rif ou le Moyen Atlas.<\/p>\n<p>Le groupe des participants est mixte, hommes, femmes, marocains, fran\u00e7ais, espagnols et composite, jeunes gens ou filles notamment sous contrat (Renault, entreprises de la zone franche), lyc\u00e9ens, ing\u00e9nieurs, volontaires internationaux ou moins jeunes (cadres, enseignants, m\u00e9decins, etc.).<\/p>\n<p>En moyenne, le groupe comprend une douzaine de personnes lors des sorties, mais il peut en comporter de 5 \u00e0 30 selon le temps, la p\u00e9riode, le site parcouru.<\/p>\n<p>Les activit\u00e9s de fin de semaine sont comprises dans la cotisation annuelle qui inclut l\u2019assurance et permet de pratiquer les multiples activit\u00e9s des clubs Caf du Maroc et de France. Des adh\u00e9sions \u00e0 la journ\u00e9e (80Dh) sont possibles; mais elles doivent \u00eatre trait\u00e9es avant une sortie et elles demeurent exceptionnelles.<\/p>\n<p>Il arrive parfois que l\u2019on ait recours \u00e0 un accompagnateur local (ou un gardien de voitures). Dans ce cas, les frais sont partag\u00e9s entre participants. Ils sont r\u00e9gl\u00e9s par chacun s\u2019agissant des nuits dans un g\u00eete, des d\u00e9jeuners au restaurant.<\/p>\n<p>Il n\u2019y a pas d\u2019obligation d\u2019avoir un v\u00e9hicule; nous pratiquons le covoiturage gratuit bas\u00e9 sur le volontariat sauf pour les longs trajets o\u00f9 une participation des passagers est recommand\u00e9e.<\/p>\n<p>Il r\u00e8gne dans ce groupe une ambiance amicale et sereine et nous veillons \u00e0 r\u00e9pondre aux aspirations et capacit\u00e9s physiques du plus grand nombre en \u00e9tant attentifs \u00e0 la s\u00e9curit\u00e9, \u00e0 la population et son environnement et en variant les sorties selon les difficult\u00e9s, les distances, le cadre, leur int\u00e9r\u00eat au plan culturel (voir notre charte \u00ab&nbsp;<a href=\"http:\/\/caftanger.aqarial.org\/?page_id=187\">\u00ab\u00a0Je randonne avec le Caf<\/a>\u00a0\u00bb&nbsp;).<\/p>\n<p style=\"text-align: right;\" align=\"center\">Section de Tanger du CAF Rabat<br \/>\nT\u00e9l: 07 00 76 89 68<br \/>\nContact : caf.tanger@gmail.com<\/p>\n","protected":false},"excerpt":{"rendered":"<p>INFORMATIONS RELATIVES \u00c0 LA SECTION DE TANGER DU CLUB ALPIN FRAN\u00c7AIS DE RABAT &nbsp;Les adh\u00e9rents du Club alpin fran\u00e7ais, section de Tanger pratiquent dans la r\u00e9gion la randonn\u00e9e et l\u2019escalade (mur au Lyc\u00e9e Regnault et parois en plein air) ; les autres activit\u00e9s du Caf leur sont propos\u00e9es par les\u2026 <a class=\"continue-reading-link\" href=\"https:\/\/caftanger.aqarial.org\/?page_id=1193\">Lire la suite<\/a><\/p>\n","protected":false},"author":66,"featured_media":0,"parent":0,"menu_order":0,"comment_status":"open","ping_status":"open","template":"","meta":{"_bbp_topic_count":0,"_bbp_reply_count":0,"_bbp_total_topic_count":0,"_bbp_total_reply_count":0,"_bbp_voice_count":0,"_bbp_anonymous_reply_count":0,"_bbp_topic_count_hidden":0,"_bbp_reply_count_hidden":0,"_bbp_forum_subforum_count":0,"footnotes":""},"class_list":["post-1193","page","type-page","status-publish","hentry"],"_links":{"self":[{"href":"https:\/\/caftanger.aqarial.org\/index.php?rest_route=\/wp\/v2\/pages\/1193","targetHints":{"allow":["GET"]}}],"collection":[{"href":"https:\/\/caftanger.aqarial.org\/index.php?rest_route=\/wp\/v2\/pages"}],"about":[{"href":"https:\/\/caftanger.aqarial.org\/index.php?rest_route=\/wp\/v2\/types\/page"}],"author":[{"embeddable":true,"href":"https:\/\/caftanger.aqarial.org\/index.php?rest_route=\/wp\/v2\/users\/66"}],"replies":[{"embeddable":true,"href":"https:\/\/caftanger.aqarial.org\/index.php?rest_route=%2Fwp%2Fv2%2Fcomments&post=1193"}],"version-history":[{"count":4,"href":"https:\/\/caftanger.aqarial.org\/index.php?rest_route=\/wp\/v2\/pages\/1193\/revisions"}],"predecessor-version":[{"id":6073,"href":"https:\/\/caftanger.aqarial.org\/index.php?rest_route=\/wp\/v2\/pages\/1193\/revisions\/6073"}],"wp:attachment":[{"href":"https:\/\/caftanger.aqarial.org\/index.php?rest_route=%2Fwp%2Fv2%2Fmedia&parent=1193"}],"curies":[{"name":"wp","href":"https:\/\/api.w.org\/{rel}","templated":true}]}}